{"id":257,"date":"2025-01-09T08:35:35","date_gmt":"2025-01-09T11:35:35","guid":{"rendered":"http:\/\/131.72.216.38\/esic\/?page_id=257"},"modified":"2025-01-09T10:21:35","modified_gmt":"2025-01-09T13:21:35","slug":"ouvidoria","status":"publish","type":"page","link":"https:\/\/esic.portonacional.to.gov.br\/index.php\/ouvidoria\/","title":{"rendered":"Ouvidoria"},"content":{"rendered":"\t\t<div data-elementor-type=\"wp-page\" data-elementor-id=\"257\" class=\"elementor elementor-257\">\n\t\t\t\t<div class=\"elementor-element elementor-element-5a967c3 e-flex e-con-boxed e-con e-parent\" data-id=\"5a967c3\" data-element_type=\"container\" data-e-type=\"container\">\n\t\t\t\t\t<div class=\"e-con-inner\">\n\t\t<div class=\"elementor-element elementor-element-e6b228a e-con-full e-flex e-con e-child\" data-id=\"e6b228a\" data-element_type=\"container\" data-e-type=\"container\">\n\t\t\t\t<div class=\"elementor-element elementor-element-1ac87fe elementor-widget elementor-widget-heading\" data-id=\"1ac87fe\" data-element_type=\"widget\" data-e-type=\"widget\" data-widget_type=\"heading.default\">\n\t\t\t\t<div class=\"elementor-widget-container\">\n\t\t\t\t\t<h2 class=\"elementor-heading-title elementor-size-default\">OUVIDORIA GERAL DO MUNIC\u00cdPIO<\/h2>\t\t\t\t<\/div>\n\t\t\t\t<\/div>\n\t\t\t\t<div class=\"elementor-element elementor-element-e8acc05 elementor-widget elementor-widget-text-editor\" data-id=\"e8acc05\" data-element_type=\"widget\" data-e-type=\"widget\" data-widget_type=\"text-editor.default\">\n\t\t\t\t<div class=\"elementor-widget-container\">\n\t\t\t\t\t\t\t\t\t<p><span style=\"text-decoration: underline;\"><strong><a href=\"http:\/\/131.72.216.38\/esic\/wp-content\/uploads\/2025\/01\/lei-ouvidoria.pdf\">Lei n\u00b0 13.460\/2017<\/a><\/strong><\/span><\/p><p><strong>Estabelece normas b\u00e1sicas para a participa\u00e7\u00e3o do cidad\u00e3o e determina a cria\u00e7\u00e3o e o funcionamento de suas ouvidorias.<\/strong><\/p>\t\t\t\t\t\t\t\t<\/div>\n\t\t\t\t<\/div>\n\t\t\t\t<div class=\"elementor-element elementor-element-6380cdb elementor-align-center elementor-widget elementor-widget-button\" data-id=\"6380cdb\" data-element_type=\"widget\" data-e-type=\"widget\" data-widget_type=\"button.default\">\n\t\t\t\t<div class=\"elementor-widget-container\">\n\t\t\t\t\t\t\t\t\t<div class=\"elementor-button-wrapper\">\n\t\t\t\t\t<a class=\"elementor-button elementor-button-link elementor-size-sm\" href=\"https:\/\/portonacional.prodataweb.inf.br\/sig\/app.html#\/servicosonline\/ouvidoria2\">\n\t\t\t\t\t\t<span class=\"elementor-button-content-wrapper\">\n\t\t\t\t\t\t\t\t\t<span class=\"elementor-button-text\">Fa\u00e7a sua solicita\u00e7\u00e3o AQUI<\/span>\n\t\t\t\t\t<\/span>\n\t\t\t\t\t<\/a>\n\t\t\t\t<\/div>\n\t\t\t\t\t\t\t\t<\/div>\n\t\t\t\t<\/div>\n\t\t\t\t<\/div>\n\t\t<div class=\"elementor-element elementor-element-436c80a e-con-full e-flex e-con e-child\" data-id=\"436c80a\" data-element_type=\"container\" data-e-type=\"container\">\n\t\t\t\t<div class=\"elementor-element elementor-element-b17a2aa elementor-widget elementor-widget-heading\" data-id=\"b17a2aa\" data-element_type=\"widget\" data-e-type=\"widget\" data-widget_type=\"heading.default\">\n\t\t\t\t<div class=\"elementor-widget-container\">\n\t\t\t\t\t<h2 class=\"elementor-heading-title elementor-size-default\">CONTATO<\/h2>\t\t\t\t<\/div>\n\t\t\t\t<\/div>\n\t\t\t\t<div class=\"elementor-element elementor-element-414ce30 elementor-widget elementor-widget-text-editor\" data-id=\"414ce30\" data-element_type=\"widget\" data-e-type=\"widget\" data-widget_type=\"text-editor.default\">\n\t\t\t\t<div class=\"elementor-widget-container\">\n\t\t\t\t\t\t\t\t\t<p><strong>Ouvidor: <\/strong>Romualdo Alves Rabelo Neto<\/p><p><strong>Telefone para contato<\/strong>: (63) 992574388<br \/><strong>Email:<\/strong> ouvidoria@portonacional.to.gov.br<br \/><strong>Endere\u00e7o:<\/strong> Av. Murilo Braga, N: 1887, Centro &#8211; 77500000<br \/><strong>Hor\u00e1rio de Atendimento<\/strong>: 07:30 \u00e0s 13:30<\/p><p>Compet\u00eancia:<\/p><p>1. receber demandas (reclama\u00e7\u00f5es, consultas, sugest\u00f5es e elogios) relativas ao desempenho das diversas \u00e1reas que comp\u00f5em o Executivo Municipal, relacionadas aos servi\u00e7os por elas prestados.<br \/>2. propor recomenda\u00e7\u00f5es que promovam a qualidade e a efici\u00eancia da Administra\u00e7\u00e3o Executiva Municipal Direta, para melhorar a gest\u00e3o e alcan\u00e7ar o equil\u00edbrio na atua\u00e7\u00e3o regulat\u00f3ria.<br \/>3. exercer o acompanhamento das a\u00e7\u00f5es e da atua\u00e7\u00e3o do Munic\u00edpio, como meio de colaborar para o fortalecimento e o desenvolvimento da institui\u00e7\u00e3o<\/p>\t\t\t\t\t\t\t\t<\/div>\n\t\t\t\t<\/div>\n\t\t\t\t<\/div>\n\t\t\t\t\t<\/div>\n\t\t\t\t<\/div>\n\t\t\t\t<\/div>\n\t\t","protected":false},"excerpt":{"rendered":"<p>OUVIDORIA GERAL DO MUNIC\u00cdPIO Lei n\u00b0 13.460\/2017 Estabelece normas b\u00e1sicas para a participa\u00e7\u00e3o do cidad\u00e3o e determina a cria\u00e7\u00e3o e o funcionamento de suas ouvidorias. Fa\u00e7a sua solicita\u00e7\u00e3o AQUI CONTATO<\/p>\n","protected":false},"author":1,"featured_media":0,"parent":0,"menu_order":0,"comment_status":"closed","ping_status":"closed","template":"elementor_header_footer","meta":{"footnotes":""},"class_list":{"1":"page","2":"type-page","3":"status-publish","4":"hentry"},"yoast_head":"<!-- This site is optimized with the Yoast SEO plugin v26.9 - https:\/\/yoast.com\/product\/yoast-seo-wordpress\/ -->\n<title>Ouvidoria - Transpar\u00eancia Porto<\/title>\n<meta name=\"robots\" content=\"index, follow, max-snippet:-1, max-image-preview:large, max-video-preview:-1\" \/>\n<link rel=\"canonical\" href=\"https:\/\/esic.portonacional.to.gov.br\/index.php\/ouvidoria\/\" \/>\n<meta property=\"og:locale\" content=\"pt_BR\" \/>\n<meta property=\"og:type\" content=\"article\" \/>\n<meta property=\"og:title\" content=\"Ouvidoria - Transpar\u00eancia Porto\" \/>\n<meta property=\"og:description\" content=\"OUVIDORIA GERAL DO MUNIC\u00cdPIO Lei n\u00b0 13.460\/2017 Estabelece normas b\u00e1sicas para a participa\u00e7\u00e3o do cidad\u00e3o e determina a cria\u00e7\u00e3o e o funcionamento de suas ouvidorias. Fa\u00e7a sua solicita\u00e7\u00e3o AQUI CONTATO\" \/>\n<meta property=\"og:url\" content=\"https:\/\/esic.portonacional.to.gov.br\/index.php\/ouvidoria\/\" \/>\n<meta property=\"og:site_name\" content=\"Transpar\u00eancia Porto\" \/>\n<meta property=\"article:modified_time\" content=\"2025-01-09T13:21:35+00:00\" \/>\n<meta property=\"og:image\" content=\"https:\/\/esic.portonacional.to.gov.br\/wp-content\/uploads\/2025\/01\/cropped-Logo_Marca_Prefeitura_de_Porto_Nacional_Tocantins.png\" \/>\n\t<meta property=\"og:image:width\" content=\"178\" \/>\n\t<meta property=\"og:image:height\" content=\"64\" \/>\n\t<meta property=\"og:image:type\" content=\"image\/png\" \/>\n<meta name=\"twitter:card\" content=\"summary_large_image\" \/>\n<meta name=\"twitter:label1\" content=\"Est. tempo de leitura\" \/>\n\t<meta name=\"twitter:data1\" content=\"1 minuto\" \/>\n<script type=\"application\/ld+json\" class=\"yoast-schema-graph\">{\"@context\":\"https:\/\/schema.org\",\"@graph\":[{\"@type\":\"WebPage\",\"@id\":\"https:\/\/esic.portonacional.to.gov.br\/index.php\/ouvidoria\/\",\"url\":\"https:\/\/esic.portonacional.to.gov.br\/index.php\/ouvidoria\/\",\"name\":\"Ouvidoria - Transpar\u00eancia Porto\",\"isPartOf\":{\"@id\":\"https:\/\/esic.portonacional.to.gov.br\/#website\"},\"datePublished\":\"2025-01-09T11:35:35+00:00\",\"dateModified\":\"2025-01-09T13:21:35+00:00\",\"breadcrumb\":{\"@id\":\"https:\/\/esic.portonacional.to.gov.br\/index.php\/ouvidoria\/#breadcrumb\"},\"inLanguage\":\"pt-BR\",\"potentialAction\":[{\"@type\":\"ReadAction\",\"target\":[\"https:\/\/esic.portonacional.to.gov.br\/index.php\/ouvidoria\/\"]}]},{\"@type\":\"BreadcrumbList\",\"@id\":\"https:\/\/esic.portonacional.to.gov.br\/index.php\/ouvidoria\/#breadcrumb\",\"itemListElement\":[{\"@type\":\"ListItem\",\"position\":1,\"name\":\"In\u00edcio\",\"item\":\"https:\/\/esic.portonacional.to.gov.br\/\"},{\"@type\":\"ListItem\",\"position\":2,\"name\":\"Ouvidoria\"}]},{\"@type\":\"WebSite\",\"@id\":\"https:\/\/esic.portonacional.to.gov.br\/#website\",\"url\":\"https:\/\/esic.portonacional.to.gov.br\/\",\"name\":\"Portal da Transpar\u00eancia Porto Nacional\",\"description\":\"Portal da Transpar\u00eancia de Porto Nacional\",\"publisher\":{\"@id\":\"https:\/\/esic.portonacional.to.gov.br\/#organization\"},\"alternateName\":\"Prefeitura de Porto Nacional\",\"potentialAction\":[{\"@type\":\"SearchAction\",\"target\":{\"@type\":\"EntryPoint\",\"urlTemplate\":\"https:\/\/esic.portonacional.to.gov.br\/?s={search_term_string}\"},\"query-input\":{\"@type\":\"PropertyValueSpecification\",\"valueRequired\":true,\"valueName\":\"search_term_string\"}}],\"inLanguage\":\"pt-BR\"},{\"@type\":\"Organization\",\"@id\":\"https:\/\/esic.portonacional.to.gov.br\/#organization\",\"name\":\"Prefeitura de Porto Nacional\",\"url\":\"https:\/\/esic.portonacional.to.gov.br\/\",\"logo\":{\"@type\":\"ImageObject\",\"inLanguage\":\"pt-BR\",\"@id\":\"https:\/\/esic.portonacional.to.gov.br\/#\/schema\/logo\/image\/\",\"url\":\"https:\/\/esic.portonacional.to.gov.br\/wp-content\/uploads\/2025\/05\/LOGO-PREFEITURAA-2025.png\",\"contentUrl\":\"https:\/\/esic.portonacional.to.gov.br\/wp-content\/uploads\/2025\/05\/LOGO-PREFEITURAA-2025.png\",\"width\":250,\"height\":119,\"caption\":\"Prefeitura de Porto Nacional\"},\"image\":{\"@id\":\"https:\/\/esic.portonacional.to.gov.br\/#\/schema\/logo\/image\/\"}}]}<\/script>\n<!-- \/ Yoast SEO plugin. -->","yoast_head_json":{"title":"Ouvidoria - Transpar\u00eancia Porto","robots":{"index":"index","follow":"follow","max-snippet":"max-snippet:-1","max-image-preview":"max-image-preview:large","max-video-preview":"max-video-preview:-1"},"canonical":"https:\/\/esic.portonacional.to.gov.br\/index.php\/ouvidoria\/","og_locale":"pt_BR","og_type":"article","og_title":"Ouvidoria - Transpar\u00eancia Porto","og_description":"OUVIDORIA GERAL DO MUNIC\u00cdPIO Lei n\u00b0 13.460\/2017 Estabelece normas b\u00e1sicas para a participa\u00e7\u00e3o do cidad\u00e3o e determina a cria\u00e7\u00e3o e o funcionamento de suas ouvidorias. Fa\u00e7a sua solicita\u00e7\u00e3o AQUI CONTATO","og_url":"https:\/\/esic.portonacional.to.gov.br\/index.php\/ouvidoria\/","og_site_name":"Transpar\u00eancia Porto","article_modified_time":"2025-01-09T13:21:35+00:00","og_image":[{"width":178,"height":64,"url":"https:\/\/esic.portonacional.to.gov.br\/wp-content\/uploads\/2025\/01\/cropped-Logo_Marca_Prefeitura_de_Porto_Nacional_Tocantins.png","type":"image\/png"}],"twitter_card":"summary_large_image","twitter_misc":{"Est. tempo de leitura":"1 minuto"},"schema":{"@context":"https:\/\/schema.org","@graph":[{"@type":"WebPage","@id":"https:\/\/esic.portonacional.to.gov.br\/index.php\/ouvidoria\/","url":"https:\/\/esic.portonacional.to.gov.br\/index.php\/ouvidoria\/","name":"Ouvidoria - Transpar\u00eancia Porto","isPartOf":{"@id":"https:\/\/esic.portonacional.to.gov.br\/#website"},"datePublished":"2025-01-09T11:35:35+00:00","dateModified":"2025-01-09T13:21:35+00:00","breadcrumb":{"@id":"https:\/\/esic.portonacional.to.gov.br\/index.php\/ouvidoria\/#breadcrumb"},"inLanguage":"pt-BR","potentialAction":[{"@type":"ReadAction","target":["https:\/\/esic.portonacional.to.gov.br\/index.php\/ouvidoria\/"]}]},{"@type":"BreadcrumbList","@id":"https:\/\/esic.portonacional.to.gov.br\/index.php\/ouvidoria\/#breadcrumb","itemListElement":[{"@type":"ListItem","position":1,"name":"In\u00edcio","item":"https:\/\/esic.portonacional.to.gov.br\/"},{"@type":"ListItem","position":2,"name":"Ouvidoria"}]},{"@type":"WebSite","@id":"https:\/\/esic.portonacional.to.gov.br\/#website","url":"https:\/\/esic.portonacional.to.gov.br\/","name":"Portal da Transpar\u00eancia Porto Nacional","description":"Portal da Transpar\u00eancia de Porto Nacional","publisher":{"@id":"https:\/\/esic.portonacional.to.gov.br\/#organization"},"alternateName":"Prefeitura de Porto Nacional","potentialAction":[{"@type":"SearchAction","target":{"@type":"EntryPoint","urlTemplate":"https:\/\/esic.portonacional.to.gov.br\/?s={search_term_string}"},"query-input":{"@type":"PropertyValueSpecification","valueRequired":true,"valueName":"search_term_string"}}],"inLanguage":"pt-BR"},{"@type":"Organization","@id":"https:\/\/esic.portonacional.to.gov.br\/#organization","name":"Prefeitura de Porto Nacional","url":"https:\/\/esic.portonacional.to.gov.br\/","logo":{"@type":"ImageObject","inLanguage":"pt-BR","@id":"https:\/\/esic.portonacional.to.gov.br\/#\/schema\/logo\/image\/","url":"https:\/\/esic.portonacional.to.gov.br\/wp-content\/uploads\/2025\/05\/LOGO-PREFEITURAA-2025.png","contentUrl":"https:\/\/esic.portonacional.to.gov.br\/wp-content\/uploads\/2025\/05\/LOGO-PREFEITURAA-2025.png","width":250,"height":119,"caption":"Prefeitura de Porto Nacional"},"image":{"@id":"https:\/\/esic.portonacional.to.gov.br\/#\/schema\/logo\/image\/"}}]}},"_links":{"self":[{"href":"https:\/\/esic.portonacional.to.gov.br\/index.php\/wp-json\/wp\/v2\/pages\/257","targetHints":{"allow":["GET"]}}],"collection":[{"href":"https:\/\/esic.portonacional.to.gov.br\/index.php\/wp-json\/wp\/v2\/pages"}],"about":[{"href":"https:\/\/esic.portonacional.to.gov.br\/index.php\/wp-json\/wp\/v2\/types\/page"}],"author":[{"embeddable":true,"href":"https:\/\/esic.portonacional.to.gov.br\/index.php\/wp-json\/wp\/v2\/users\/1"}],"replies":[{"embeddable":true,"href":"https:\/\/esic.portonacional.to.gov.br\/index.php\/wp-json\/wp\/v2\/comments?post=257"}],"version-history":[{"count":16,"href":"https:\/\/esic.portonacional.to.gov.br\/index.php\/wp-json\/wp\/v2\/pages\/257\/revisions"}],"predecessor-version":[{"id":280,"href":"https:\/\/esic.portonacional.to.gov.br\/index.php\/wp-json\/wp\/v2\/pages\/257\/revisions\/280"}],"wp:attachment":[{"href":"https:\/\/esic.portonacional.to.gov.br\/index.php\/wp-json\/wp\/v2\/media?parent=257"}],"curies":[{"name":"wp","href":"https:\/\/api.w.org\/{rel}","templated":true}]}}