{"id":524,"date":"2025-01-13T08:00:30","date_gmt":"2025-01-13T11:00:30","guid":{"rendered":"http:\/\/131.72.216.38\/esic\/?page_id=524"},"modified":"2026-04-16T11:46:24","modified_gmt":"2026-04-16T14:46:24","slug":"assistencia-farmaceutica","status":"publish","type":"page","link":"https:\/\/esic.portonacional.to.gov.br\/index.php\/assistencia-farmaceutica\/","title":{"rendered":"Assist\u00eancia Farmac\u00eautica"},"content":{"rendered":"\t\t<div data-elementor-type=\"wp-page\" data-elementor-id=\"524\" class=\"elementor elementor-524\">\n\t\t\t\t<div class=\"elementor-element elementor-element-e74ddfd e-grid e-con-boxed e-con e-parent\" data-id=\"e74ddfd\" data-element_type=\"container\" data-e-type=\"container\">\n\t\t\t\t\t<div class=\"e-con-inner\">\n\t\t\t\t<div class=\"elementor-element elementor-element-ccd6de0 elementor-widget elementor-widget-heading\" data-id=\"ccd6de0\" data-element_type=\"widget\" data-e-type=\"widget\" data-widget_type=\"heading.default\">\n\t\t\t\t<div class=\"elementor-widget-container\">\n\t\t\t\t\t<h2 class=\"elementor-heading-title elementor-size-default\">Assist\u00eancia Farmac\u00eautica<\/h2>\t\t\t\t<\/div>\n\t\t\t\t<\/div>\n\t\t\t\t\t<\/div>\n\t\t\t\t<\/div>\n\t\t<div class=\"elementor-element elementor-element-ec1c898 e-flex e-con-boxed e-con e-parent\" data-id=\"ec1c898\" data-element_type=\"container\" data-e-type=\"container\">\n\t\t\t\t\t<div class=\"e-con-inner\">\n\t\t<div class=\"elementor-element elementor-element-77d930f e-grid e-con-full e-con e-child\" data-id=\"77d930f\" data-element_type=\"container\" data-e-type=\"container\">\n\t\t\t\t<div class=\"elementor-element elementor-element-041d21a elementor-widget elementor-widget-text-editor\" data-id=\"041d21a\" data-element_type=\"widget\" data-e-type=\"widget\" data-widget_type=\"text-editor.default\">\n\t\t\t\t<div class=\"elementor-widget-container\">\n\t\t\t\t\t\t\t\t\t<ul><li><span style=\"text-decoration: underline;\"><a href=\"http:\/\/esic.portonacional.to.gov.br\/wp-content\/uploads\/2026\/04\/4.2-ESTOQUE-MEDICAMENTO-FARMACIA-BASICA-2a-QUINZENA-DE-ABRIL.pdf\">ESTOQUE MEDICAMENTO FARM\u00c1CIA B\u00c1SICA 2\u00aa QUINZENA DE ABRIL<\/a><\/span><\/li><\/ul>\t\t\t\t\t\t\t\t<\/div>\n\t\t\t\t<\/div>\n\t\t\t\t<\/div>\n\t\t\t\t\t<\/div>\n\t\t\t\t<\/div>\n\t\t\t\t<\/div>\n\t\t","protected":false},"excerpt":{"rendered":"<p>Assist\u00eancia Farmac\u00eautica ESTOQUE MEDICAMENTO FARM\u00c1CIA B\u00c1SICA 2\u00aa QUINZENA DE ABRIL<\/p>\n","protected":false},"author":1,"featured_media":0,"parent":0,"menu_order":0,"comment_status":"closed","ping_status":"closed","template":"elementor_header_footer","meta":{"footnotes":""},"class_list":{"1":"page","2":"type-page","3":"status-publish","4":"hentry"},"yoast_head":"<!-- This site is optimized with the Yoast SEO plugin v26.9 - https:\/\/yoast.com\/product\/yoast-seo-wordpress\/ -->\n<title>Assist\u00eancia Farmac\u00eautica - Transpar\u00eancia Porto<\/title>\n<meta name=\"robots\" content=\"index, follow, max-snippet:-1, max-image-preview:large, max-video-preview:-1\" \/>\n<link rel=\"canonical\" href=\"https:\/\/esic.portonacional.to.gov.br\/index.php\/assistencia-farmaceutica\/\" \/>\n<meta property=\"og:locale\" content=\"pt_BR\" \/>\n<meta property=\"og:type\" content=\"article\" \/>\n<meta property=\"og:title\" content=\"Assist\u00eancia Farmac\u00eautica - Transpar\u00eancia Porto\" \/>\n<meta property=\"og:description\" content=\"Assist\u00eancia Farmac\u00eautica ESTOQUE MEDICAMENTO FARM\u00c1CIA B\u00c1SICA 2\u00aa QUINZENA DE ABRIL\" \/>\n<meta property=\"og:url\" content=\"https:\/\/esic.portonacional.to.gov.br\/index.php\/assistencia-farmaceutica\/\" \/>\n<meta property=\"og:site_name\" content=\"Transpar\u00eancia Porto\" \/>\n<meta property=\"article:modified_time\" content=\"2026-04-16T14:46:24+00:00\" \/>\n<meta property=\"og:image\" content=\"https:\/\/esic.portonacional.to.gov.br\/wp-content\/uploads\/2025\/01\/cropped-Logo_Marca_Prefeitura_de_Porto_Nacional_Tocantins.png\" \/>\n\t<meta property=\"og:image:width\" content=\"178\" \/>\n\t<meta property=\"og:image:height\" content=\"64\" \/>\n\t<meta property=\"og:image:type\" content=\"image\/png\" \/>\n<meta name=\"twitter:card\" content=\"summary_large_image\" \/>\n<meta name=\"twitter:label1\" content=\"Est. tempo de leitura\" \/>\n\t<meta name=\"twitter:data1\" content=\"1 minuto\" \/>\n<script type=\"application\/ld+json\" class=\"yoast-schema-graph\">{\"@context\":\"https:\/\/schema.org\",\"@graph\":[{\"@type\":\"WebPage\",\"@id\":\"https:\/\/esic.portonacional.to.gov.br\/index.php\/assistencia-farmaceutica\/\",\"url\":\"https:\/\/esic.portonacional.to.gov.br\/index.php\/assistencia-farmaceutica\/\",\"name\":\"Assist\u00eancia Farmac\u00eautica - Transpar\u00eancia Porto\",\"isPartOf\":{\"@id\":\"https:\/\/esic.portonacional.to.gov.br\/#website\"},\"datePublished\":\"2025-01-13T11:00:30+00:00\",\"dateModified\":\"2026-04-16T14:46:24+00:00\",\"breadcrumb\":{\"@id\":\"https:\/\/esic.portonacional.to.gov.br\/index.php\/assistencia-farmaceutica\/#breadcrumb\"},\"inLanguage\":\"pt-BR\",\"potentialAction\":[{\"@type\":\"ReadAction\",\"target\":[\"https:\/\/esic.portonacional.to.gov.br\/index.php\/assistencia-farmaceutica\/\"]}]},{\"@type\":\"BreadcrumbList\",\"@id\":\"https:\/\/esic.portonacional.to.gov.br\/index.php\/assistencia-farmaceutica\/#breadcrumb\",\"itemListElement\":[{\"@type\":\"ListItem\",\"position\":1,\"name\":\"In\u00edcio\",\"item\":\"https:\/\/esic.portonacional.to.gov.br\/\"},{\"@type\":\"ListItem\",\"position\":2,\"name\":\"Assist\u00eancia Farmac\u00eautica\"}]},{\"@type\":\"WebSite\",\"@id\":\"https:\/\/esic.portonacional.to.gov.br\/#website\",\"url\":\"https:\/\/esic.portonacional.to.gov.br\/\",\"name\":\"Portal da Transpar\u00eancia Porto Nacional\",\"description\":\"Portal da Transpar\u00eancia de Porto Nacional\",\"publisher\":{\"@id\":\"https:\/\/esic.portonacional.to.gov.br\/#organization\"},\"alternateName\":\"Prefeitura de Porto Nacional\",\"potentialAction\":[{\"@type\":\"SearchAction\",\"target\":{\"@type\":\"EntryPoint\",\"urlTemplate\":\"https:\/\/esic.portonacional.to.gov.br\/?s={search_term_string}\"},\"query-input\":{\"@type\":\"PropertyValueSpecification\",\"valueRequired\":true,\"valueName\":\"search_term_string\"}}],\"inLanguage\":\"pt-BR\"},{\"@type\":\"Organization\",\"@id\":\"https:\/\/esic.portonacional.to.gov.br\/#organization\",\"name\":\"Prefeitura de Porto Nacional\",\"url\":\"https:\/\/esic.portonacional.to.gov.br\/\",\"logo\":{\"@type\":\"ImageObject\",\"inLanguage\":\"pt-BR\",\"@id\":\"https:\/\/esic.portonacional.to.gov.br\/#\/schema\/logo\/image\/\",\"url\":\"https:\/\/esic.portonacional.to.gov.br\/wp-content\/uploads\/2025\/05\/LOGO-PREFEITURAA-2025.png\",\"contentUrl\":\"https:\/\/esic.portonacional.to.gov.br\/wp-content\/uploads\/2025\/05\/LOGO-PREFEITURAA-2025.png\",\"width\":250,\"height\":119,\"caption\":\"Prefeitura de Porto Nacional\"},\"image\":{\"@id\":\"https:\/\/esic.portonacional.to.gov.br\/#\/schema\/logo\/image\/\"}}]}<\/script>\n<!-- \/ Yoast SEO plugin. -->","yoast_head_json":{"title":"Assist\u00eancia Farmac\u00eautica - Transpar\u00eancia Porto","robots":{"index":"index","follow":"follow","max-snippet":"max-snippet:-1","max-image-preview":"max-image-preview:large","max-video-preview":"max-video-preview:-1"},"canonical":"https:\/\/esic.portonacional.to.gov.br\/index.php\/assistencia-farmaceutica\/","og_locale":"pt_BR","og_type":"article","og_title":"Assist\u00eancia Farmac\u00eautica - Transpar\u00eancia Porto","og_description":"Assist\u00eancia Farmac\u00eautica ESTOQUE MEDICAMENTO FARM\u00c1CIA B\u00c1SICA 2\u00aa QUINZENA DE ABRIL","og_url":"https:\/\/esic.portonacional.to.gov.br\/index.php\/assistencia-farmaceutica\/","og_site_name":"Transpar\u00eancia Porto","article_modified_time":"2026-04-16T14:46:24+00:00","og_image":[{"width":178,"height":64,"url":"https:\/\/esic.portonacional.to.gov.br\/wp-content\/uploads\/2025\/01\/cropped-Logo_Marca_Prefeitura_de_Porto_Nacional_Tocantins.png","type":"image\/png"}],"twitter_card":"summary_large_image","twitter_misc":{"Est. tempo de leitura":"1 minuto"},"schema":{"@context":"https:\/\/schema.org","@graph":[{"@type":"WebPage","@id":"https:\/\/esic.portonacional.to.gov.br\/index.php\/assistencia-farmaceutica\/","url":"https:\/\/esic.portonacional.to.gov.br\/index.php\/assistencia-farmaceutica\/","name":"Assist\u00eancia Farmac\u00eautica - Transpar\u00eancia Porto","isPartOf":{"@id":"https:\/\/esic.portonacional.to.gov.br\/#website"},"datePublished":"2025-01-13T11:00:30+00:00","dateModified":"2026-04-16T14:46:24+00:00","breadcrumb":{"@id":"https:\/\/esic.portonacional.to.gov.br\/index.php\/assistencia-farmaceutica\/#breadcrumb"},"inLanguage":"pt-BR","potentialAction":[{"@type":"ReadAction","target":["https:\/\/esic.portonacional.to.gov.br\/index.php\/assistencia-farmaceutica\/"]}]},{"@type":"BreadcrumbList","@id":"https:\/\/esic.portonacional.to.gov.br\/index.php\/assistencia-farmaceutica\/#breadcrumb","itemListElement":[{"@type":"ListItem","position":1,"name":"In\u00edcio","item":"https:\/\/esic.portonacional.to.gov.br\/"},{"@type":"ListItem","position":2,"name":"Assist\u00eancia Farmac\u00eautica"}]},{"@type":"WebSite","@id":"https:\/\/esic.portonacional.to.gov.br\/#website","url":"https:\/\/esic.portonacional.to.gov.br\/","name":"Portal da Transpar\u00eancia Porto Nacional","description":"Portal da Transpar\u00eancia de Porto Nacional","publisher":{"@id":"https:\/\/esic.portonacional.to.gov.br\/#organization"},"alternateName":"Prefeitura de Porto Nacional","potentialAction":[{"@type":"SearchAction","target":{"@type":"EntryPoint","urlTemplate":"https:\/\/esic.portonacional.to.gov.br\/?s={search_term_string}"},"query-input":{"@type":"PropertyValueSpecification","valueRequired":true,"valueName":"search_term_string"}}],"inLanguage":"pt-BR"},{"@type":"Organization","@id":"https:\/\/esic.portonacional.to.gov.br\/#organization","name":"Prefeitura de Porto Nacional","url":"https:\/\/esic.portonacional.to.gov.br\/","logo":{"@type":"ImageObject","inLanguage":"pt-BR","@id":"https:\/\/esic.portonacional.to.gov.br\/#\/schema\/logo\/image\/","url":"https:\/\/esic.portonacional.to.gov.br\/wp-content\/uploads\/2025\/05\/LOGO-PREFEITURAA-2025.png","contentUrl":"https:\/\/esic.portonacional.to.gov.br\/wp-content\/uploads\/2025\/05\/LOGO-PREFEITURAA-2025.png","width":250,"height":119,"caption":"Prefeitura de Porto Nacional"},"image":{"@id":"https:\/\/esic.portonacional.to.gov.br\/#\/schema\/logo\/image\/"}}]}},"_links":{"self":[{"href":"https:\/\/esic.portonacional.to.gov.br\/index.php\/wp-json\/wp\/v2\/pages\/524","targetHints":{"allow":["GET"]}}],"collection":[{"href":"https:\/\/esic.portonacional.to.gov.br\/index.php\/wp-json\/wp\/v2\/pages"}],"about":[{"href":"https:\/\/esic.portonacional.to.gov.br\/index.php\/wp-json\/wp\/v2\/types\/page"}],"author":[{"embeddable":true,"href":"https:\/\/esic.portonacional.to.gov.br\/index.php\/wp-json\/wp\/v2\/users\/1"}],"replies":[{"embeddable":true,"href":"https:\/\/esic.portonacional.to.gov.br\/index.php\/wp-json\/wp\/v2\/comments?post=524"}],"version-history":[{"count":79,"href":"https:\/\/esic.portonacional.to.gov.br\/index.php\/wp-json\/wp\/v2\/pages\/524\/revisions"}],"predecessor-version":[{"id":1271,"href":"https:\/\/esic.portonacional.to.gov.br\/index.php\/wp-json\/wp\/v2\/pages\/524\/revisions\/1271"}],"wp:attachment":[{"href":"https:\/\/esic.portonacional.to.gov.br\/index.php\/wp-json\/wp\/v2\/media?parent=524"}],"curies":[{"name":"wp","href":"https:\/\/api.w.org\/{rel}","templated":true}]}}